{"id":116,"date":"2014-11-13T20:51:36","date_gmt":"2014-11-13T18:51:36","guid":{"rendered":"http:\/\/www.evaluareriscfizic.ro\/?page_id=116"},"modified":"2014-11-13T21:03:34","modified_gmt":"2014-11-13T19:03:34","slug":"legislatia-vigoare","status":"publish","type":"page","link":"https:\/\/www.evaluareriscfizic.ro\/?page_id=116","title":{"rendered":"Legislatia in vigoare"},"content":{"rendered":"<p><a href=\"https:\/\/www.evaluareriscfizic.ro\/wp-content\/uploads\/2014\/11\/Lege.jpg\"><img decoding=\"async\" loading=\"lazy\" class=\"alignleft  wp-image-118\" src=\"https:\/\/www.evaluareriscfizic.ro\/wp-content\/uploads\/2014\/11\/Lege-300x152.jpg\" alt=\"Lege\" width=\"388\" height=\"197\" srcset=\"https:\/\/www.evaluareriscfizic.ro\/wp-content\/uploads\/2014\/11\/Lege-300x152.jpg 300w, https:\/\/www.evaluareriscfizic.ro\/wp-content\/uploads\/2014\/11\/Lege.jpg 314w\" sizes=\"(max-width: 388px) 100vw, 388px\" \/><\/a><\/p>\n<p>&nbsp;<\/p>\n<p>&nbsp;<\/p>\n<p>&nbsp;<\/p>\n<p>&nbsp;<\/p>\n<p>&nbsp;<\/p>\n<p>&nbsp;<\/p>\n<p>&nbsp;<\/p>\n<p>Evaluarea riscului la securitatea fizic\u0103 este reglemenat\u0103\u00a0prin intermediul urmatoarelor acte normative:<\/p>\n<ul>\n<li><strong>LEGEA \u00a0nr. 333 \/ 2003<\/strong>\u00a0<strong>privind paza obiectivelor, bunurilor, valorilor \u015fi protec\u0163ia persoanelor ACTUALIZATA<\/strong><\/li>\n<li><b>ORDONAN\u0162A DE URGEN\u0162\u0102 nr. 16 \/ 2005<\/b><\/li>\n<li><b>LEGEA \u00a0nr. 9 \/2007 \u00a0<b>pentru modificarea Legii nr. 333\/2003<\/b><\/b><\/li>\n<li><b>LEGEA nr. 40 \/ 2010\u00a0<b>privind modificarea \u015fi completarea Legii nr. 333\/2003<\/b><\/b><\/li>\n<li><b>HOTARAREA nr. 301 \/ 2012\u00a0<b>pentru aprobarea Normelor metodologice de aplicare a Legii nr. 333\/2003<\/b><\/b><\/li>\n<li><strong>NORME metodologice din 11 aprilie 2012\u00a0<strong>de aplicare a Legii nr. 333\/2003<\/strong><\/strong><\/li>\n<li><b>INSTRUC\u0162IUNI nr. 9 \/ 2013\u00a0<b>privind efectuarea analizelor de risc la securitatea fizic\u0103<\/b><\/b><\/li>\n<li><b>Registrul National al Evaluatorilor de Risc la Securitatea Fizica<\/b><\/li>\n<\/ul>\n","protected":false},"excerpt":{"rendered":"<p>&nbsp; &nbsp; &nbsp; &nbsp; &nbsp; &nbsp; &nbsp; Evaluarea riscului la securitatea fizic\u0103 este reglemenat\u0103\u00a0prin intermediul urmatoarelor acte normative: LEGEA \u00a0nr. 333 \/ 2003\u00a0privind paza obiectivelor, bunurilor, valorilor \u015fi protec\u0163ia persoanelor ACTUALIZATA ORDONAN\u0162A DE URGEN\u0162\u0102 nr. 16 \/ 2005 LEGEA \u00a0nr. 9 \/2007 \u00a0pentru modificarea Legii nr. 333\/2003 LEGEA nr. 40 \/ 2010\u00a0privind modificarea \u015fi completarea\u2026 <span class=\"read-more\"><a href=\"https:\/\/www.evaluareriscfizic.ro\/?page_id=116\">Read More &raquo;<\/a><\/span><\/p>\n","protected":false},"author":1,"featured_media":0,"parent":0,"menu_order":0,"comment_status":"closed","ping_status":"closed","template":"page-templates\/full-width.php","meta":{"footnotes":""},"yoast_head":"<!-- This site is optimized with the Yoast SEO plugin v21.0 - https:\/\/yoast.com\/wordpress\/plugins\/seo\/ -->\n<title>Legislatia pentru evaluarea riscului la secutitatea fizica<\/title>\n<meta name=\"description\" content=\"Legislatia pentru evaluarea riscului la secutitatea fizica - Evaluarea riscului la securitatea fizica. Analiza de risc la securitatea fizica\" \/>\n<meta name=\"robots\" content=\"index, follow, max-snippet:-1, max-image-preview:large, max-video-preview:-1\" \/>\n<link rel=\"canonical\" href=\"https:\/\/www.evaluareriscfizic.ro\/?page_id=116\" \/>\n<meta property=\"og:locale\" content=\"en_US\" \/>\n<meta property=\"og:type\" content=\"article\" \/>\n<meta property=\"og:title\" content=\"Legislatia pentru evaluarea riscului la secutitatea fizica\" \/>\n<meta property=\"og:description\" content=\"Legislatia pentru evaluarea riscului la secutitatea fizica - Evaluarea riscului la securitatea fizica. Analiza de risc la securitatea fizica\" \/>\n<meta property=\"og:url\" content=\"https:\/\/www.evaluareriscfizic.ro\/?page_id=116\" \/>\n<meta property=\"og:site_name\" content=\"Evaluarea riscului la securitatea fizica. Analiza de risc la securitatea fizica\" \/>\n<meta property=\"article:modified_time\" content=\"2014-11-13T19:03:34+00:00\" \/>\n<meta property=\"og:image\" content=\"https:\/\/www.evaluareriscfizic.ro\/wp-content\/uploads\/2014\/11\/Lege-300x152.jpg\" \/>\n<script type=\"application\/ld+json\" class=\"yoast-schema-graph\">{\"@context\":\"https:\/\/schema.org\",\"@graph\":[{\"@type\":\"WebPage\",\"@id\":\"https:\/\/www.evaluareriscfizic.ro\/?page_id=116\",\"url\":\"https:\/\/www.evaluareriscfizic.ro\/?page_id=116\",\"name\":\"Legislatia pentru evaluarea riscului la secutitatea fizica\",\"isPartOf\":{\"@id\":\"https:\/\/www.evaluareriscfizic.ro\/#website\"},\"datePublished\":\"2014-11-13T18:51:36+00:00\",\"dateModified\":\"2014-11-13T19:03:34+00:00\",\"description\":\"Legislatia pentru evaluarea riscului la secutitatea fizica - Evaluarea riscului la securitatea fizica. Analiza de risc la securitatea fizica\",\"breadcrumb\":{\"@id\":\"https:\/\/www.evaluareriscfizic.ro\/?page_id=116#breadcrumb\"},\"inLanguage\":\"en-US\",\"potentialAction\":[{\"@type\":\"ReadAction\",\"target\":[\"https:\/\/www.evaluareriscfizic.ro\/?page_id=116\"]}]},{\"@type\":\"BreadcrumbList\",\"@id\":\"https:\/\/www.evaluareriscfizic.ro\/?page_id=116#breadcrumb\",\"itemListElement\":[{\"@type\":\"ListItem\",\"position\":1,\"name\":\"Home\",\"item\":\"https:\/\/www.evaluareriscfizic.ro\/\"},{\"@type\":\"ListItem\",\"position\":2,\"name\":\"Legislatia in vigoare\"}]},{\"@type\":\"WebSite\",\"@id\":\"https:\/\/www.evaluareriscfizic.ro\/#website\",\"url\":\"https:\/\/www.evaluareriscfizic.ro\/\",\"name\":\"Evaluarea riscului la securitatea fizica. Analiza de risc la securitatea fizica\",\"description\":\"Evaluarea riscului la securitatea fizica\",\"potentialAction\":[{\"@type\":\"SearchAction\",\"target\":{\"@type\":\"EntryPoint\",\"urlTemplate\":\"https:\/\/www.evaluareriscfizic.ro\/?s={search_term_string}\"},\"query-input\":\"required name=search_term_string\"}],\"inLanguage\":\"en-US\"}]}<\/script>\n<!-- \/ Yoast SEO plugin. -->","yoast_head_json":{"title":"Legislatia pentru evaluarea riscului la secutitatea fizica","description":"Legislatia pentru evaluarea riscului la secutitatea fizica - Evaluarea riscului la securitatea fizica. Analiza de risc la securitatea fizica","robots":{"index":"index","follow":"follow","max-snippet":"max-snippet:-1","max-image-preview":"max-image-preview:large","max-video-preview":"max-video-preview:-1"},"canonical":"https:\/\/www.evaluareriscfizic.ro\/?page_id=116","og_locale":"en_US","og_type":"article","og_title":"Legislatia pentru evaluarea riscului la secutitatea fizica","og_description":"Legislatia pentru evaluarea riscului la secutitatea fizica - Evaluarea riscului la securitatea fizica. Analiza de risc la securitatea fizica","og_url":"https:\/\/www.evaluareriscfizic.ro\/?page_id=116","og_site_name":"Evaluarea riscului la securitatea fizica. Analiza de risc la securitatea fizica","article_modified_time":"2014-11-13T19:03:34+00:00","og_image":[{"url":"https:\/\/www.evaluareriscfizic.ro\/wp-content\/uploads\/2014\/11\/Lege-300x152.jpg"}],"schema":{"@context":"https:\/\/schema.org","@graph":[{"@type":"WebPage","@id":"https:\/\/www.evaluareriscfizic.ro\/?page_id=116","url":"https:\/\/www.evaluareriscfizic.ro\/?page_id=116","name":"Legislatia pentru evaluarea riscului la secutitatea fizica","isPartOf":{"@id":"https:\/\/www.evaluareriscfizic.ro\/#website"},"datePublished":"2014-11-13T18:51:36+00:00","dateModified":"2014-11-13T19:03:34+00:00","description":"Legislatia pentru evaluarea riscului la secutitatea fizica - Evaluarea riscului la securitatea fizica. Analiza de risc la securitatea fizica","breadcrumb":{"@id":"https:\/\/www.evaluareriscfizic.ro\/?page_id=116#breadcrumb"},"inLanguage":"en-US","potentialAction":[{"@type":"ReadAction","target":["https:\/\/www.evaluareriscfizic.ro\/?page_id=116"]}]},{"@type":"BreadcrumbList","@id":"https:\/\/www.evaluareriscfizic.ro\/?page_id=116#breadcrumb","itemListElement":[{"@type":"ListItem","position":1,"name":"Home","item":"https:\/\/www.evaluareriscfizic.ro\/"},{"@type":"ListItem","position":2,"name":"Legislatia in vigoare"}]},{"@type":"WebSite","@id":"https:\/\/www.evaluareriscfizic.ro\/#website","url":"https:\/\/www.evaluareriscfizic.ro\/","name":"Evaluarea riscului la securitatea fizica. Analiza de risc la securitatea fizica","description":"Evaluarea riscului la securitatea fizica","potentialAction":[{"@type":"SearchAction","target":{"@type":"EntryPoint","urlTemplate":"https:\/\/www.evaluareriscfizic.ro\/?s={search_term_string}"},"query-input":"required name=search_term_string"}],"inLanguage":"en-US"}]}},"_links":{"self":[{"href":"https:\/\/www.evaluareriscfizic.ro\/index.php?rest_route=\/wp\/v2\/pages\/116"}],"collection":[{"href":"https:\/\/www.evaluareriscfizic.ro\/index.php?rest_route=\/wp\/v2\/pages"}],"about":[{"href":"https:\/\/www.evaluareriscfizic.ro\/index.php?rest_route=\/wp\/v2\/types\/page"}],"author":[{"embeddable":true,"href":"https:\/\/www.evaluareriscfizic.ro\/index.php?rest_route=\/wp\/v2\/users\/1"}],"replies":[{"embeddable":true,"href":"https:\/\/www.evaluareriscfizic.ro\/index.php?rest_route=%2Fwp%2Fv2%2Fcomments&post=116"}],"version-history":[{"count":8,"href":"https:\/\/www.evaluareriscfizic.ro\/index.php?rest_route=\/wp\/v2\/pages\/116\/revisions"}],"predecessor-version":[{"id":127,"href":"https:\/\/www.evaluareriscfizic.ro\/index.php?rest_route=\/wp\/v2\/pages\/116\/revisions\/127"}],"wp:attachment":[{"href":"https:\/\/www.evaluareriscfizic.ro\/index.php?rest_route=%2Fwp%2Fv2%2Fmedia&parent=116"}],"curies":[{"name":"wp","href":"https:\/\/api.w.org\/{rel}","templated":true}]}}