{"id":2,"date":"2014-10-14T00:03:30","date_gmt":"2014-10-13T21:03:30","guid":{"rendered":"http:\/\/www.evaluareriscfizic.ro\/?page_id=2"},"modified":"2017-03-26T13:46:38","modified_gmt":"2017-03-26T10:46:38","slug":"sample-page","status":"publish","type":"page","link":"https:\/\/www.evaluareriscfizic.ro\/?page_id=2","title":{"rendered":"Despre mine"},"content":{"rendered":"<p>Numele meu este Stancu Mihai \u0219i \u00een ultimii 16\u00a0ani am desf\u0103\u0219urat activit\u0103\u021bi \u00een cadrul structurilor de securitate, \u00eendeplinind atribu\u021bii \u00een domeniile:<\/p>\n<ul>\n<li>protec\u021bia fizic\u0103;<\/li>\n<li>protec\u021bia documentelor clasificate;<\/li>\n<li>organizarea \u0219i administrarea securit\u0103\u021bii.<\/li>\n<\/ul>\n<p>Ca \u0219ef al structurii de securitate la nivel central am desf\u0103\u0219urat nenum\u0103rate activit\u0103\u021bi de control al obiectivelor speciale, analiz\u00e2nd \u0219i propun\u00e2nd solu\u021bii pentru:<\/p>\n<ul>\n<li>sistemele tehnice de securitate;<\/li>\n<li>activit\u0103\u021bile procedurale \u00een domeniul securit\u0103\u021bii.<\/li>\n<\/ul>\n<p>Am coordonat preg\u0103tirea \u00een domeniul securit\u0103\u021bii organiz\u00e2nd convoc\u0103ri cu personalul cu atribu\u021bii \u00een domeniu.<\/p>\n<p>&nbsp;<\/p>\n<p>De ce s\u0103 m\u0103 alege\u021bi pe mine?<\/p>\n<ul>\n<li>pentru c\u0103 v\u0103 ofer solu\u021bii de securitate profesioniste, bazate pe o bogat\u0103 experien\u021b\u0103 \u00een domeniu;<\/li>\n<li>pentru c\u0103 solu\u021biile propuse sunt u\u0219or de implementat;<\/li>\n<li>costul serviciilor puse la dispozi\u021bia clien\u021bilor este printre cele mai sc\u0103zute de pe pia\u021b\u0103;<\/li>\n<li>pentru c\u0103 reu\u0219esc s\u0103 \u00eembin \u00eentr-un mod creator, \u00een beneficiul clien\u021bilor solu\u021biile tehnice cu cele procedurale;<\/li>\n<li>pentru c\u0103 orientez clien\u021bii spre solu\u021bii de securitate cu un cost c\u00e2t mai sc\u0103zut;<\/li>\n<li>pentru c\u0103 descurajez prin solu\u021biile propuse orice fel de intrare prin efrac\u021bie;<\/li>\n<li>pentru c\u0103 la sf\u00e2r\u0219itul colabor\u0103rii, cu siguran\u021b\u0103, clien\u021bii vor fi extrem de mul\u021bumi\u021bi de serviciile oferite.<\/li>\n<\/ul>\n<p>&nbsp;<\/p>\n","protected":false},"excerpt":{"rendered":"<p>Numele meu este Stancu Mihai \u0219i \u00een ultimii 16\u00a0ani am desf\u0103\u0219urat activit\u0103\u021bi \u00een cadrul structurilor de securitate, \u00eendeplinind atribu\u021bii \u00een domeniile: protec\u021bia fizic\u0103; protec\u021bia documentelor clasificate; organizarea \u0219i administrarea securit\u0103\u021bii. Ca \u0219ef al structurii de securitate la nivel central am desf\u0103\u0219urat nenum\u0103rate activit\u0103\u021bi de control al obiectivelor speciale, analiz\u00e2nd \u0219i propun\u00e2nd solu\u021bii pentru: sistemele tehnice\u2026 <span class=\"read-more\"><a href=\"https:\/\/www.evaluareriscfizic.ro\/?page_id=2\">Read More &raquo;<\/a><\/span><\/p>\n","protected":false},"author":1,"featured_media":0,"parent":0,"menu_order":1,"comment_status":"closed","ping_status":"closed","template":"","meta":{"footnotes":""},"yoast_head":"<!-- This site is optimized with the Yoast SEO plugin v21.0 - https:\/\/yoast.com\/wordpress\/plugins\/seo\/ -->\n<title>Evaluarea riscului la securitatea fizica.<\/title>\n<meta name=\"description\" content=\"Evaluator de risc la securitatea fizica realizez analiza de risc la securitatea fizica\" \/>\n<meta name=\"robots\" content=\"index, follow, max-snippet:-1, max-image-preview:large, max-video-preview:-1\" \/>\n<link rel=\"canonical\" href=\"https:\/\/www.evaluareriscfizic.ro\/?page_id=2\" \/>\n<meta property=\"og:locale\" content=\"en_US\" \/>\n<meta property=\"og:type\" content=\"article\" \/>\n<meta property=\"og:title\" content=\"Evaluarea riscului la securitatea fizica.\" \/>\n<meta property=\"og:description\" content=\"Evaluator de risc la securitatea fizica realizez analiza de risc la securitatea fizica\" \/>\n<meta property=\"og:url\" content=\"https:\/\/www.evaluareriscfizic.ro\/?page_id=2\" \/>\n<meta property=\"og:site_name\" content=\"Evaluarea riscului la securitatea fizica. Analiza de risc la securitatea fizica\" \/>\n<meta property=\"article:modified_time\" content=\"2017-03-26T10:46:38+00:00\" \/>\n<meta name=\"twitter:label1\" content=\"Est. reading time\" \/>\n\t<meta name=\"twitter:data1\" content=\"1 minute\" \/>\n<script type=\"application\/ld+json\" class=\"yoast-schema-graph\">{\"@context\":\"https:\/\/schema.org\",\"@graph\":[{\"@type\":\"WebPage\",\"@id\":\"https:\/\/www.evaluareriscfizic.ro\/?page_id=2\",\"url\":\"https:\/\/www.evaluareriscfizic.ro\/?page_id=2\",\"name\":\"Evaluarea riscului la securitatea fizica.\",\"isPartOf\":{\"@id\":\"https:\/\/www.evaluareriscfizic.ro\/#website\"},\"datePublished\":\"2014-10-13T21:03:30+00:00\",\"dateModified\":\"2017-03-26T10:46:38+00:00\",\"description\":\"Evaluator de risc la securitatea fizica realizez analiza de risc la securitatea fizica\",\"breadcrumb\":{\"@id\":\"https:\/\/www.evaluareriscfizic.ro\/?page_id=2#breadcrumb\"},\"inLanguage\":\"en-US\",\"potentialAction\":[{\"@type\":\"ReadAction\",\"target\":[\"https:\/\/www.evaluareriscfizic.ro\/?page_id=2\"]}]},{\"@type\":\"BreadcrumbList\",\"@id\":\"https:\/\/www.evaluareriscfizic.ro\/?page_id=2#breadcrumb\",\"itemListElement\":[{\"@type\":\"ListItem\",\"position\":1,\"name\":\"Home\",\"item\":\"https:\/\/www.evaluareriscfizic.ro\/\"},{\"@type\":\"ListItem\",\"position\":2,\"name\":\"Despre mine\"}]},{\"@type\":\"WebSite\",\"@id\":\"https:\/\/www.evaluareriscfizic.ro\/#website\",\"url\":\"https:\/\/www.evaluareriscfizic.ro\/\",\"name\":\"Evaluarea riscului la securitatea fizica. Analiza de risc la securitatea fizica\",\"description\":\"Evaluarea riscului la securitatea fizica\",\"potentialAction\":[{\"@type\":\"SearchAction\",\"target\":{\"@type\":\"EntryPoint\",\"urlTemplate\":\"https:\/\/www.evaluareriscfizic.ro\/?s={search_term_string}\"},\"query-input\":\"required name=search_term_string\"}],\"inLanguage\":\"en-US\"}]}<\/script>\n<!-- \/ Yoast SEO plugin. -->","yoast_head_json":{"title":"Evaluarea riscului la securitatea fizica.","description":"Evaluator de risc la securitatea fizica realizez analiza de risc la securitatea fizica","robots":{"index":"index","follow":"follow","max-snippet":"max-snippet:-1","max-image-preview":"max-image-preview:large","max-video-preview":"max-video-preview:-1"},"canonical":"https:\/\/www.evaluareriscfizic.ro\/?page_id=2","og_locale":"en_US","og_type":"article","og_title":"Evaluarea riscului la securitatea fizica.","og_description":"Evaluator de risc la securitatea fizica realizez analiza de risc la securitatea fizica","og_url":"https:\/\/www.evaluareriscfizic.ro\/?page_id=2","og_site_name":"Evaluarea riscului la securitatea fizica. Analiza de risc la securitatea fizica","article_modified_time":"2017-03-26T10:46:38+00:00","twitter_misc":{"Est. reading time":"1 minute"},"schema":{"@context":"https:\/\/schema.org","@graph":[{"@type":"WebPage","@id":"https:\/\/www.evaluareriscfizic.ro\/?page_id=2","url":"https:\/\/www.evaluareriscfizic.ro\/?page_id=2","name":"Evaluarea riscului la securitatea fizica.","isPartOf":{"@id":"https:\/\/www.evaluareriscfizic.ro\/#website"},"datePublished":"2014-10-13T21:03:30+00:00","dateModified":"2017-03-26T10:46:38+00:00","description":"Evaluator de risc la securitatea fizica realizez analiza de risc la securitatea fizica","breadcrumb":{"@id":"https:\/\/www.evaluareriscfizic.ro\/?page_id=2#breadcrumb"},"inLanguage":"en-US","potentialAction":[{"@type":"ReadAction","target":["https:\/\/www.evaluareriscfizic.ro\/?page_id=2"]}]},{"@type":"BreadcrumbList","@id":"https:\/\/www.evaluareriscfizic.ro\/?page_id=2#breadcrumb","itemListElement":[{"@type":"ListItem","position":1,"name":"Home","item":"https:\/\/www.evaluareriscfizic.ro\/"},{"@type":"ListItem","position":2,"name":"Despre mine"}]},{"@type":"WebSite","@id":"https:\/\/www.evaluareriscfizic.ro\/#website","url":"https:\/\/www.evaluareriscfizic.ro\/","name":"Evaluarea riscului la securitatea fizica. Analiza de risc la securitatea fizica","description":"Evaluarea riscului la securitatea fizica","potentialAction":[{"@type":"SearchAction","target":{"@type":"EntryPoint","urlTemplate":"https:\/\/www.evaluareriscfizic.ro\/?s={search_term_string}"},"query-input":"required name=search_term_string"}],"inLanguage":"en-US"}]}},"_links":{"self":[{"href":"https:\/\/www.evaluareriscfizic.ro\/index.php?rest_route=\/wp\/v2\/pages\/2"}],"collection":[{"href":"https:\/\/www.evaluareriscfizic.ro\/index.php?rest_route=\/wp\/v2\/pages"}],"about":[{"href":"https:\/\/www.evaluareriscfizic.ro\/index.php?rest_route=\/wp\/v2\/types\/page"}],"author":[{"embeddable":true,"href":"https:\/\/www.evaluareriscfizic.ro\/index.php?rest_route=\/wp\/v2\/users\/1"}],"replies":[{"embeddable":true,"href":"https:\/\/www.evaluareriscfizic.ro\/index.php?rest_route=%2Fwp%2Fv2%2Fcomments&post=2"}],"version-history":[{"count":10,"href":"https:\/\/www.evaluareriscfizic.ro\/index.php?rest_route=\/wp\/v2\/pages\/2\/revisions"}],"predecessor-version":[{"id":193,"href":"https:\/\/www.evaluareriscfizic.ro\/index.php?rest_route=\/wp\/v2\/pages\/2\/revisions\/193"}],"wp:attachment":[{"href":"https:\/\/www.evaluareriscfizic.ro\/index.php?rest_route=%2Fwp%2Fv2%2Fmedia&parent=2"}],"curies":[{"name":"wp","href":"https:\/\/api.w.org\/{rel}","templated":true}]}}