{"id":21,"date":"2014-10-18T22:11:22","date_gmt":"2014-10-18T19:11:22","guid":{"rendered":"http:\/\/www.evaluareriscfizic.ro\/?page_id=21"},"modified":"2018-09-05T15:41:30","modified_gmt":"2018-09-05T12:41:30","slug":"evaluarea-riscului","status":"publish","type":"page","link":"https:\/\/www.evaluareriscfizic.ro\/?page_id=21","title":{"rendered":"Evaluarea riscului"},"content":{"rendered":"<div class=\"title\">\u00a0<strong>Evaluarea\u00a0 riscului la securitatea fizica<\/strong> constituie fundamentul adoptarii masurilor de securitate a obiectivelor, bunurilor si valorilor, transpuse \u00een planul de paza si proiectul sistemului de alarmare.<\/div>\n<div class=\"content\">\n<p><strong>\u00a01. Identificarea riscului.<\/strong><\/p>\n<p>Organizatia identifica sursele de risc, domeniile de impact, evenimentele, cauzele si consecintele potentiale ale acestora. Scopul acestei etape este de a genera o lista cuprinzatoare a acelor evenimente care ar putea facilita, preveni, degrada sau \u00eent\u00e2rzia realizarea obiectivelor, importanta fiind si identificarea riscurilor asociate nevalorificarii unei oportunitati.<\/p>\n<p>&nbsp;<\/p>\n<p><strong>2. Analiza riscului.<\/strong><\/p>\n<div id=\"attachment_694\" style=\"width: 322px\" class=\"wp-caption alignright\"><img aria-describedby=\"caption-attachment-694\" decoding=\"async\" loading=\"lazy\" class=\"wp-image-694\" title=\"Evaluarea riscului\" src=\"http:\/\/evaluarea-riscului.ro\/wp-content\/uploads\/2013\/12\/Evaluarea-riscului.jpg\" alt=\"Evaluarea riscului\" width=\"312\" height=\"303\" \/><p id=\"caption-attachment-694\" class=\"wp-caption-text\">Procesul standard de evaluare a riscurilor<\/p><\/div>\n<p>Analiza riscului vizeaza dezvoltarea unei \u00eentelegeri a riscului,\u00a0\u00a0furniz\u00e2nd datele de intrare pentru etapa de evaluare. Analiza implica luarea \u00een considerare a cauzelor si surselor de risc, a consecintelor\u00a0pozitive sau negative, a probabilitatii de materializare a respectivelor consecinte. Riscul este analizat prin componentele sale de probabilitate si gravitate, dar si a oricaror alte atribute relevante. Modul de exprimare al consecintelor si probabilitatii si modul de agregare al acestora pentru a exprima un nivel de risc va fi diferit, \u00een functie de natura riscului, de\u00a0informatiile disponibile si de finalitatea rezultatelor aprecierii riscurilor. Analiza riscului poate fi realizata la diferite niveluri de detaliere \u00een functie de risc, de scopul analizei, de informatiile, datele\u00a0si resursele disponibile. Analiza poate fi calitativa, semi-cantitativa, cantitativa sau o combinatie a acestora, \u00een functie de circumstante.<\/p>\n<p>&nbsp;<\/p>\n<p><strong>3. Evaluarea riscului.<\/strong><\/p>\n<p>Scopul evaluarii consta \u00een sprijinirea procesului de adoptare a deciziilor privind tratarea riscurilor, \u00een baza rezultatelor analizei si a ierarhizarii riscurilor. Evaluarea implica compararea nivelului de risc determinat prin analiza cu criteriile de risc elaborate \u00een faza de stabilire a contextului. Daca nivelul de risc nu \u00eendeplineste criteriile de acceptabilitate, riscul ar trebui tratat. Deciziile vor lua \u00een considerare un context mai larg al riscurilor si toleranta la risc a partilor interesate. \u00cen anumite circumstante, evaluarea riscului poate conduce la decizia de a efectua noi analize, mai aprofundate sau de a nu trata riscurile dec\u00e2t prin mentinerea sistemelor de control existente. Astfel de decizii vor fi influentate de apetitul la risc al organizatiei, de atitudinea fata de risc sau de criteriile prestabilite privind riscul.<\/p>\n<p>&nbsp;<\/p>\n<p><strong>4. Tratarea riscului.<\/strong><\/p>\n<p>Daca abordarile traditionale ale managementului riscului au fost centrate, preponderent, pe actiuni de contracarare a acestuia, metodele moderne promoveaza actiuni de anticipare, simulare, previziune a riscului, diminu\u00e2nd functia reactiva si amplific\u00e2nd functia preventiva. Tratarea riscurilor implica selectarea uneia sau mai multor optiuni de modificare a riscurilor si implementarea acestor optiuni, prin intermediul unui proces iterativ de stabilire a modalitatilor de tratare, de decizie privind tolerabilitatea riscului rezidual si de estimare a efectului tratarii riscurilor p\u00e2na la \u00eencadrarea riscului rezidual \u00een limitele criteriilor de risc ale organizatiei.Selectia celei mai adecvate optiuni de tratare a riscurilor implica echilibrarea costurilor si a eforturilor necesare implementarii, cu avantajele obtinute \u00een ceea ce priveste cerintele legale, reglementare sau de alta natura, responsabilitatea sociala si protectia mediului natural.<\/p>\n<p>&nbsp;<\/p>\n<p><strong>5.Monitorizare si revizuire.<\/strong><\/p>\n<p>Monitorizarea este procesul prin care datele despre evolutia unui risc sunt centralizate, interpretate si raportate. Scopul monitorizarii este de a colecta informatii c\u00e2t mai exacte, actuale si oportune si de a le prezenta celor implicati \u00eentr-o maniera c\u00e2t mai clara si mai usor de \u00eenteles. Revizuirea riscului este etapa \u00een care se verifica rezultatele obtinute \u00een urma masurilor implementate.<\/p>\n<p>&nbsp;<\/p>\n<p>In functie de obiectul de activitate al unitatii, natura bunurilor detinute, numarul de locatii, masurile de securitate deja implementate si a altor\u00a0criterii, procesul de evaluarea riscului la securitatea fizica va parcurge urmatoarele etape:<\/p>\n<ul>\n<li>Stabilirea intalnirii cu un evaluator de risc,\u00a0direct la locatia unde urmeaza a se efectua analiza de risc la securitatea fizica\u00a0sau la sediul central al unitatii;<\/li>\n<\/ul>\n<ul>\n<li>Detalii\u00a0preliminare privind analiza de risc la securitatea fizica.\u00a0Semnarea Acordului de confidentialitate si\u00a0a Contractului de prestari servicii;<\/li>\n<\/ul>\n<ul>\n<li>Definirea parametrilor care pot genera riscurile la securitatea fizica a unitatii. Stabilirea detaliilor\u00a0si a documentatiei necesare pentru efectuarea analizei de risc;<\/li>\n<\/ul>\n<ul>\n<li>\u00a0Identificarea riscurilor si vulnerabilitatilor la adresa obiectivelor, bunurilor, valorilor si personalului unitatii. Factori externi si interni;<\/li>\n<\/ul>\n<ul>\n<li>Analiza riscurilor la securitatea fizica si estimarea impactului acestora asupra unitatii de afaceri;<\/li>\n<\/ul>\n<ul>\n<li>Stabilirea cerintelor, masurilor si mecanismelor minime de securitate. Calculul gradului de risc si incadrarea acestuia la nivelul corespunzator;<\/li>\n<\/ul>\n<ul>\n<li>Intocmirea raportului de evaluare\u00a0in urma analizei de risc la securitatea fizica.\u00a0Prezentarea raportului\u00a0catre conducatorul unitatii;<\/li>\n<\/ul>\n<ul>\n<li>Re-evaluarea (acolo unde este cazul), completarea, semnarea si inregistrarea grilei de evaluare si a raportului final in urma analizei de risc la securitatea fizica.<\/li>\n<\/ul>\n<\/div>\n","protected":false},"excerpt":{"rendered":"<p>\u00a0Evaluarea\u00a0 riscului la securitatea fizica constituie fundamentul adoptarii masurilor de securitate a obiectivelor, bunurilor si valorilor, transpuse \u00een planul de paza si proiectul sistemului de alarmare. \u00a01. Identificarea riscului. Organizatia identifica sursele de risc, domeniile de impact, evenimentele, cauzele si consecintele potentiale ale acestora. Scopul acestei etape este de a genera o lista cuprinzatoare a\u2026 <span class=\"read-more\"><a href=\"https:\/\/www.evaluareriscfizic.ro\/?page_id=21\">Read More &raquo;<\/a><\/span><\/p>\n","protected":false},"author":1,"featured_media":0,"parent":19,"menu_order":0,"comment_status":"closed","ping_status":"open","template":"page-templates\/full-width.php","meta":{"footnotes":""},"yoast_head":"<!-- This site is optimized with the Yoast SEO plugin v21.0 - https:\/\/yoast.com\/wordpress\/plugins\/seo\/ -->\n<title>Evaluarea riscului la securitatea fizica<\/title>\n<meta name=\"description\" content=\"Evaluator de risc la securitatea fizica realizez analiza de risc la securitatea fizica\" \/>\n<meta name=\"robots\" content=\"index, follow, max-snippet:-1, max-image-preview:large, max-video-preview:-1\" \/>\n<link rel=\"canonical\" href=\"https:\/\/www.evaluareriscfizic.ro\/?page_id=21\" \/>\n<meta property=\"og:locale\" content=\"en_US\" \/>\n<meta property=\"og:type\" content=\"article\" \/>\n<meta property=\"og:title\" content=\"Evaluarea riscului la securitatea fizica\" \/>\n<meta property=\"og:description\" content=\"Evaluator de risc la securitatea fizica realizez analiza de risc la securitatea fizica\" \/>\n<meta property=\"og:url\" content=\"https:\/\/www.evaluareriscfizic.ro\/?page_id=21\" \/>\n<meta property=\"og:site_name\" content=\"Evaluarea riscului la securitatea fizica. Analiza de risc la securitatea fizica\" \/>\n<meta property=\"article:modified_time\" content=\"2018-09-05T12:41:30+00:00\" \/>\n<meta property=\"og:image\" content=\"http:\/\/evaluarea-riscului.ro\/wp-content\/uploads\/2013\/12\/Evaluarea-riscului.jpg\" \/>\n<meta name=\"twitter:label1\" content=\"Est. reading time\" \/>\n\t<meta name=\"twitter:data1\" content=\"4 minutes\" \/>\n<script type=\"application\/ld+json\" class=\"yoast-schema-graph\">{\"@context\":\"https:\/\/schema.org\",\"@graph\":[{\"@type\":\"WebPage\",\"@id\":\"https:\/\/www.evaluareriscfizic.ro\/?page_id=21\",\"url\":\"https:\/\/www.evaluareriscfizic.ro\/?page_id=21\",\"name\":\"Evaluarea riscului la securitatea fizica\",\"isPartOf\":{\"@id\":\"https:\/\/www.evaluareriscfizic.ro\/#website\"},\"datePublished\":\"2014-10-18T19:11:22+00:00\",\"dateModified\":\"2018-09-05T12:41:30+00:00\",\"description\":\"Evaluator de risc la securitatea fizica realizez analiza de risc la securitatea fizica\",\"breadcrumb\":{\"@id\":\"https:\/\/www.evaluareriscfizic.ro\/?page_id=21#breadcrumb\"},\"inLanguage\":\"en-US\",\"potentialAction\":[{\"@type\":\"ReadAction\",\"target\":[\"https:\/\/www.evaluareriscfizic.ro\/?page_id=21\"]}]},{\"@type\":\"BreadcrumbList\",\"@id\":\"https:\/\/www.evaluareriscfizic.ro\/?page_id=21#breadcrumb\",\"itemListElement\":[{\"@type\":\"ListItem\",\"position\":1,\"name\":\"Home\",\"item\":\"https:\/\/www.evaluareriscfizic.ro\/\"},{\"@type\":\"ListItem\",\"position\":2,\"name\":\"Managementul riscurilor\",\"item\":\"https:\/\/www.evaluareriscfizic.ro\/?page_id=19\"},{\"@type\":\"ListItem\",\"position\":3,\"name\":\"Evaluarea riscului\"}]},{\"@type\":\"WebSite\",\"@id\":\"https:\/\/www.evaluareriscfizic.ro\/#website\",\"url\":\"https:\/\/www.evaluareriscfizic.ro\/\",\"name\":\"Evaluarea riscului la securitatea fizica. Analiza de risc la securitatea fizica\",\"description\":\"Evaluarea riscului la securitatea fizica\",\"potentialAction\":[{\"@type\":\"SearchAction\",\"target\":{\"@type\":\"EntryPoint\",\"urlTemplate\":\"https:\/\/www.evaluareriscfizic.ro\/?s={search_term_string}\"},\"query-input\":\"required name=search_term_string\"}],\"inLanguage\":\"en-US\"}]}<\/script>\n<!-- \/ Yoast SEO plugin. -->","yoast_head_json":{"title":"Evaluarea riscului la securitatea fizica","description":"Evaluator de risc la securitatea fizica realizez analiza de risc la securitatea fizica","robots":{"index":"index","follow":"follow","max-snippet":"max-snippet:-1","max-image-preview":"max-image-preview:large","max-video-preview":"max-video-preview:-1"},"canonical":"https:\/\/www.evaluareriscfizic.ro\/?page_id=21","og_locale":"en_US","og_type":"article","og_title":"Evaluarea riscului la securitatea fizica","og_description":"Evaluator de risc la securitatea fizica realizez analiza de risc la securitatea fizica","og_url":"https:\/\/www.evaluareriscfizic.ro\/?page_id=21","og_site_name":"Evaluarea riscului la securitatea fizica. Analiza de risc la securitatea fizica","article_modified_time":"2018-09-05T12:41:30+00:00","og_image":[{"url":"http:\/\/evaluarea-riscului.ro\/wp-content\/uploads\/2013\/12\/Evaluarea-riscului.jpg"}],"twitter_misc":{"Est. reading time":"4 minutes"},"schema":{"@context":"https:\/\/schema.org","@graph":[{"@type":"WebPage","@id":"https:\/\/www.evaluareriscfizic.ro\/?page_id=21","url":"https:\/\/www.evaluareriscfizic.ro\/?page_id=21","name":"Evaluarea riscului la securitatea fizica","isPartOf":{"@id":"https:\/\/www.evaluareriscfizic.ro\/#website"},"datePublished":"2014-10-18T19:11:22+00:00","dateModified":"2018-09-05T12:41:30+00:00","description":"Evaluator de risc la securitatea fizica realizez analiza de risc la securitatea fizica","breadcrumb":{"@id":"https:\/\/www.evaluareriscfizic.ro\/?page_id=21#breadcrumb"},"inLanguage":"en-US","potentialAction":[{"@type":"ReadAction","target":["https:\/\/www.evaluareriscfizic.ro\/?page_id=21"]}]},{"@type":"BreadcrumbList","@id":"https:\/\/www.evaluareriscfizic.ro\/?page_id=21#breadcrumb","itemListElement":[{"@type":"ListItem","position":1,"name":"Home","item":"https:\/\/www.evaluareriscfizic.ro\/"},{"@type":"ListItem","position":2,"name":"Managementul riscurilor","item":"https:\/\/www.evaluareriscfizic.ro\/?page_id=19"},{"@type":"ListItem","position":3,"name":"Evaluarea riscului"}]},{"@type":"WebSite","@id":"https:\/\/www.evaluareriscfizic.ro\/#website","url":"https:\/\/www.evaluareriscfizic.ro\/","name":"Evaluarea riscului la securitatea fizica. Analiza de risc la securitatea fizica","description":"Evaluarea riscului la securitatea fizica","potentialAction":[{"@type":"SearchAction","target":{"@type":"EntryPoint","urlTemplate":"https:\/\/www.evaluareriscfizic.ro\/?s={search_term_string}"},"query-input":"required name=search_term_string"}],"inLanguage":"en-US"}]}},"_links":{"self":[{"href":"https:\/\/www.evaluareriscfizic.ro\/index.php?rest_route=\/wp\/v2\/pages\/21"}],"collection":[{"href":"https:\/\/www.evaluareriscfizic.ro\/index.php?rest_route=\/wp\/v2\/pages"}],"about":[{"href":"https:\/\/www.evaluareriscfizic.ro\/index.php?rest_route=\/wp\/v2\/types\/page"}],"author":[{"embeddable":true,"href":"https:\/\/www.evaluareriscfizic.ro\/index.php?rest_route=\/wp\/v2\/users\/1"}],"replies":[{"embeddable":true,"href":"https:\/\/www.evaluareriscfizic.ro\/index.php?rest_route=%2Fwp%2Fv2%2Fcomments&post=21"}],"version-history":[{"count":4,"href":"https:\/\/www.evaluareriscfizic.ro\/index.php?rest_route=\/wp\/v2\/pages\/21\/revisions"}],"predecessor-version":[{"id":198,"href":"https:\/\/www.evaluareriscfizic.ro\/index.php?rest_route=\/wp\/v2\/pages\/21\/revisions\/198"}],"up":[{"embeddable":true,"href":"https:\/\/www.evaluareriscfizic.ro\/index.php?rest_route=\/wp\/v2\/pages\/19"}],"wp:attachment":[{"href":"https:\/\/www.evaluareriscfizic.ro\/index.php?rest_route=%2Fwp%2Fv2%2Fmedia&parent=21"}],"curies":[{"name":"wp","href":"https:\/\/api.w.org\/{rel}","templated":true}]}}