{"id":23,"date":"2014-10-18T22:12:58","date_gmt":"2014-10-18T19:12:58","guid":{"rendered":"http:\/\/www.evaluareriscfizic.ro\/?page_id=23"},"modified":"2014-10-21T21:39:41","modified_gmt":"2014-10-21T18:39:41","slug":"grilla-de-evaluare","status":"publish","type":"page","link":"https:\/\/www.evaluareriscfizic.ro\/?page_id=23","title":{"rendered":"Grila de evaluare"},"content":{"rendered":"<div class=\"title\">\n<h1><\/h1>\n<\/div>\n<div class=\"content\">\n<p>Grila de evaluarea a riscului la securitatea fizica se completeaza pentru situatia \u00een care riscul a fost tratat, iar nivelul acestuia se \u00eencadreaza \u00een domeniul riscului acceptabil.<\/p>\n<p>Raportul de evaluare si tratare a riscurilor la securitatea fizica si grila de evaluare se semneaza de catre evaluator.<\/p>\n<p>\u00cen categoria documentelor-suport intra: chestionare, declaratii, alte documente specifice, date obtinute si folosite \u00een procedura de evaluare.<\/p>\n<p>Grila de evaluare a nivelului de securitate cuprinde 4 categorii de criterii de analiza:<\/p>\n<p><strong>a)<\/strong>\u00a0\u00a0criterii \u00a0specifice \u00a0obiectivului, \u00a0prin \u00a0care \u00a0se \u00a0evalueaza\u00a0<strong>elemente de amplasare zonala si locala<\/strong>, cu o\u00a0<strong>pondere de 25%;<\/strong><\/p>\n<p><strong>b)<\/strong>\u00a0criterii de securitate, prin care se evalueaza\u00a0<strong>masurile de securitate implementate sau care urmeaza a fi implementate<\/strong>, cu o\u00a0<strong>pondere de 65%<\/strong>;<\/p>\n<p><strong>c)<\/strong>\u00a0criterii functionale, prin care se evalueaza\u00a0<strong>elementele privitoare la desfasurarea activitatii unitatii<\/strong><b>\u00a0<\/b>evaluate, cu o\u00a0<strong>pondere de 10%;<\/strong><\/p>\n<p><strong>d)<\/strong>\u00a0alte criterii, nenominalizate \u00een grila, prin care se asigura evaluarea altor elemente cu impact asupra riscurilor de securitate, identificate sau propuse de evaluator, grupate \u00een categorii cu impact de crestere, respectiv diminuare a riscurilor.<\/p>\n<p>\u00cen situatia unitatii care desfasoara activitati diferite \u00een aceeasi incinta sau \u00een acelasi spatiu, \u00een cadrul analizei de risc se\u00a0<strong>completeaza grile de evaluare pentru fiecare obiect de activitate<\/strong>, fiind obligatorie \u00eencadrarea \u00een gradul de risc acceptabil pentru fiecare activitate.<\/p>\n<p>Pentru categoriile de unitati care au definite cerinte minimale \u00een Normele metodologice de aplicare a Legii nr. 333\/2003 privind paza obiectivelor, bunurilor, valorilor \u015fi protectia persoanelor, aprobate prin Hotararea Guvernului nr. 301\/2012, cu exceptia infrastructurilor critice, evaluarea si cuantificarea gradului de risc asociat unitatii se fac prin determinarea unei valori numerice atasate obiectivului evaluat, sens in care se utilizeaza grila de evaluare corespunzatoare obiectului de activitate, dintre cele prevazute \u00een\u00a0\u00a0<a title=\"instructiuni nr 9\" href=\"http:\/\/evaluaarea-riscului.ro\/wp-content\/uploads\/2013\/07\/INSTRUC%C5%A2IUNI-nr-9.docx\">Instructiuni nr. 9 din 01.02.2013 ,anexele nr. 1-11 ,document\u00a0 publicat in Monitorul Oficial\u00a0 nr.164 din 27 martie 2013 Emitent : Ministerul\u00a0 Afacerilor\u00a0 Interne.<\/a><\/p>\n<p>In cazul unitatilor pentru care nu au fost definite cerinte minimale specifice, analizele de risc la securitatea fizica se elaboreaza similar, prin aplicarea grilei de evaluare generale prevazute\u00a0in anexa nr. 12.<\/p>\n<\/div>\n","protected":false},"excerpt":{"rendered":"<p>Grila de evaluarea a riscului la securitatea fizica se completeaza pentru situatia \u00een care riscul a fost tratat, iar nivelul acestuia se \u00eencadreaza \u00een domeniul riscului acceptabil. Raportul de evaluare si tratare a riscurilor la securitatea fizica si grila de evaluare se semneaza de catre evaluator. \u00cen categoria documentelor-suport intra: chestionare, declaratii, alte documente specifice,\u2026 <span class=\"read-more\"><a href=\"https:\/\/www.evaluareriscfizic.ro\/?page_id=23\">Read More &raquo;<\/a><\/span><\/p>\n","protected":false},"author":1,"featured_media":0,"parent":19,"menu_order":1,"comment_status":"closed","ping_status":"open","template":"page-templates\/full-width.php","meta":{"footnotes":""},"yoast_head":"<!-- This site is optimized with the Yoast SEO plugin v21.0 - https:\/\/yoast.com\/wordpress\/plugins\/seo\/ -->\n<title>Grila pentru Evaluarea riscului la securitatea fizica<\/title>\n<meta name=\"description\" content=\"Grila evaluator de risc la securitatea fizica\" \/>\n<meta name=\"robots\" content=\"index, follow, max-snippet:-1, max-image-preview:large, max-video-preview:-1\" \/>\n<link rel=\"canonical\" href=\"https:\/\/www.evaluareriscfizic.ro\/?page_id=23\" \/>\n<meta property=\"og:locale\" content=\"en_US\" \/>\n<meta property=\"og:type\" content=\"article\" \/>\n<meta property=\"og:title\" content=\"Grila pentru Evaluarea riscului la securitatea fizica\" \/>\n<meta property=\"og:description\" content=\"Grila evaluator de risc la securitatea fizica\" \/>\n<meta property=\"og:url\" content=\"https:\/\/www.evaluareriscfizic.ro\/?page_id=23\" \/>\n<meta property=\"og:site_name\" content=\"Evaluarea riscului la securitatea fizica. Analiza de risc la securitatea fizica\" \/>\n<meta property=\"article:modified_time\" content=\"2014-10-21T18:39:41+00:00\" \/>\n<meta name=\"twitter:label1\" content=\"Est. reading time\" \/>\n\t<meta name=\"twitter:data1\" content=\"2 minutes\" \/>\n<script type=\"application\/ld+json\" class=\"yoast-schema-graph\">{\"@context\":\"https:\/\/schema.org\",\"@graph\":[{\"@type\":\"WebPage\",\"@id\":\"https:\/\/www.evaluareriscfizic.ro\/?page_id=23\",\"url\":\"https:\/\/www.evaluareriscfizic.ro\/?page_id=23\",\"name\":\"Grila pentru Evaluarea riscului la securitatea fizica\",\"isPartOf\":{\"@id\":\"https:\/\/www.evaluareriscfizic.ro\/#website\"},\"datePublished\":\"2014-10-18T19:12:58+00:00\",\"dateModified\":\"2014-10-21T18:39:41+00:00\",\"description\":\"Grila evaluator de risc la securitatea fizica\",\"breadcrumb\":{\"@id\":\"https:\/\/www.evaluareriscfizic.ro\/?page_id=23#breadcrumb\"},\"inLanguage\":\"en-US\",\"potentialAction\":[{\"@type\":\"ReadAction\",\"target\":[\"https:\/\/www.evaluareriscfizic.ro\/?page_id=23\"]}]},{\"@type\":\"BreadcrumbList\",\"@id\":\"https:\/\/www.evaluareriscfizic.ro\/?page_id=23#breadcrumb\",\"itemListElement\":[{\"@type\":\"ListItem\",\"position\":1,\"name\":\"Home\",\"item\":\"https:\/\/www.evaluareriscfizic.ro\/\"},{\"@type\":\"ListItem\",\"position\":2,\"name\":\"Managementul riscurilor\",\"item\":\"https:\/\/www.evaluareriscfizic.ro\/?page_id=19\"},{\"@type\":\"ListItem\",\"position\":3,\"name\":\"Grila de evaluare\"}]},{\"@type\":\"WebSite\",\"@id\":\"https:\/\/www.evaluareriscfizic.ro\/#website\",\"url\":\"https:\/\/www.evaluareriscfizic.ro\/\",\"name\":\"Evaluarea riscului la securitatea fizica. Analiza de risc la securitatea fizica\",\"description\":\"Evaluarea riscului la securitatea fizica\",\"potentialAction\":[{\"@type\":\"SearchAction\",\"target\":{\"@type\":\"EntryPoint\",\"urlTemplate\":\"https:\/\/www.evaluareriscfizic.ro\/?s={search_term_string}\"},\"query-input\":\"required name=search_term_string\"}],\"inLanguage\":\"en-US\"}]}<\/script>\n<!-- \/ Yoast SEO plugin. -->","yoast_head_json":{"title":"Grila pentru Evaluarea riscului la securitatea fizica","description":"Grila evaluator de risc la securitatea fizica","robots":{"index":"index","follow":"follow","max-snippet":"max-snippet:-1","max-image-preview":"max-image-preview:large","max-video-preview":"max-video-preview:-1"},"canonical":"https:\/\/www.evaluareriscfizic.ro\/?page_id=23","og_locale":"en_US","og_type":"article","og_title":"Grila pentru Evaluarea riscului la securitatea fizica","og_description":"Grila evaluator de risc la securitatea fizica","og_url":"https:\/\/www.evaluareriscfizic.ro\/?page_id=23","og_site_name":"Evaluarea riscului la securitatea fizica. Analiza de risc la securitatea fizica","article_modified_time":"2014-10-21T18:39:41+00:00","twitter_misc":{"Est. reading time":"2 minutes"},"schema":{"@context":"https:\/\/schema.org","@graph":[{"@type":"WebPage","@id":"https:\/\/www.evaluareriscfizic.ro\/?page_id=23","url":"https:\/\/www.evaluareriscfizic.ro\/?page_id=23","name":"Grila pentru Evaluarea riscului la securitatea fizica","isPartOf":{"@id":"https:\/\/www.evaluareriscfizic.ro\/#website"},"datePublished":"2014-10-18T19:12:58+00:00","dateModified":"2014-10-21T18:39:41+00:00","description":"Grila evaluator de risc la securitatea fizica","breadcrumb":{"@id":"https:\/\/www.evaluareriscfizic.ro\/?page_id=23#breadcrumb"},"inLanguage":"en-US","potentialAction":[{"@type":"ReadAction","target":["https:\/\/www.evaluareriscfizic.ro\/?page_id=23"]}]},{"@type":"BreadcrumbList","@id":"https:\/\/www.evaluareriscfizic.ro\/?page_id=23#breadcrumb","itemListElement":[{"@type":"ListItem","position":1,"name":"Home","item":"https:\/\/www.evaluareriscfizic.ro\/"},{"@type":"ListItem","position":2,"name":"Managementul riscurilor","item":"https:\/\/www.evaluareriscfizic.ro\/?page_id=19"},{"@type":"ListItem","position":3,"name":"Grila de evaluare"}]},{"@type":"WebSite","@id":"https:\/\/www.evaluareriscfizic.ro\/#website","url":"https:\/\/www.evaluareriscfizic.ro\/","name":"Evaluarea riscului la securitatea fizica. Analiza de risc la securitatea fizica","description":"Evaluarea riscului la securitatea fizica","potentialAction":[{"@type":"SearchAction","target":{"@type":"EntryPoint","urlTemplate":"https:\/\/www.evaluareriscfizic.ro\/?s={search_term_string}"},"query-input":"required name=search_term_string"}],"inLanguage":"en-US"}]}},"_links":{"self":[{"href":"https:\/\/www.evaluareriscfizic.ro\/index.php?rest_route=\/wp\/v2\/pages\/23"}],"collection":[{"href":"https:\/\/www.evaluareriscfizic.ro\/index.php?rest_route=\/wp\/v2\/pages"}],"about":[{"href":"https:\/\/www.evaluareriscfizic.ro\/index.php?rest_route=\/wp\/v2\/types\/page"}],"author":[{"embeddable":true,"href":"https:\/\/www.evaluareriscfizic.ro\/index.php?rest_route=\/wp\/v2\/users\/1"}],"replies":[{"embeddable":true,"href":"https:\/\/www.evaluareriscfizic.ro\/index.php?rest_route=%2Fwp%2Fv2%2Fcomments&post=23"}],"version-history":[{"count":4,"href":"https:\/\/www.evaluareriscfizic.ro\/index.php?rest_route=\/wp\/v2\/pages\/23\/revisions"}],"predecessor-version":[{"id":46,"href":"https:\/\/www.evaluareriscfizic.ro\/index.php?rest_route=\/wp\/v2\/pages\/23\/revisions\/46"}],"up":[{"embeddable":true,"href":"https:\/\/www.evaluareriscfizic.ro\/index.php?rest_route=\/wp\/v2\/pages\/19"}],"wp:attachment":[{"href":"https:\/\/www.evaluareriscfizic.ro\/index.php?rest_route=%2Fwp%2Fv2%2Fmedia&parent=23"}],"curies":[{"name":"wp","href":"https:\/\/api.w.org\/{rel}","templated":true}]}}